{"id":1206,"date":"2025-04-09T12:14:53","date_gmt":"2025-04-09T10:14:53","guid":{"rendered":"https:\/\/maisoncotone.com\/?page_id=1206"},"modified":"2025-04-09T12:32:28","modified_gmt":"2025-04-09T10:32:28","slug":"nettoyage-airbnb","status":"publish","type":"page","link":"https:\/\/maisoncotone.com\/index.php\/nettoyage-airbnb\/","title":{"rendered":"Nettoyage Airbnb"},"content":{"rendered":"\t\t<div data-elementor-type=\"wp-page\" data-elementor-id=\"1206\" class=\"elementor elementor-1206\">\n\t\t\t\t<div class=\"elementor-element elementor-element-e4f880f e-con-full e-flex wpr-particle-no wpr-jarallax-no wpr-parallax-no wpr-sticky-section-no e-con e-parent\" data-id=\"e4f880f\" data-element_type=\"container\" data-settings=\"{&quot;background_background&quot;:&quot;classic&quot;}\">\n\t\t\t\t<div class=\"elementor-element elementor-element-732eb8b elementor-widget elementor-widget-spacer\" data-id=\"732eb8b\" data-element_type=\"widget\" data-widget_type=\"spacer.default\">\n\t\t\t\t<div class=\"elementor-widget-container\">\n\t\t\t\t\t\t\t<div class=\"elementor-spacer\">\n\t\t\t<div class=\"elementor-spacer-inner\"><\/div>\n\t\t<\/div>\n\t\t\t\t\t\t<\/div>\n\t\t\t\t<\/div>\n\t\t\t\t<\/div>\n\t\t<div class=\"elementor-element elementor-element-7249823 e-flex e-con-boxed wpr-particle-no wpr-jarallax-no wpr-parallax-no wpr-sticky-section-no e-con e-parent\" data-id=\"7249823\" data-element_type=\"container\">\n\t\t\t\t\t<div class=\"e-con-inner\">\n\t\t\t\t<div class=\"elementor-element elementor-element-a2940fa elementor-widget elementor-widget-text-editor\" data-id=\"a2940fa\" data-element_type=\"widget\" data-widget_type=\"text-editor.default\">\n\t\t\t\t<div class=\"elementor-widget-container\">\n\t\t\t\t\t\t\t\t\t<p><span style=\"color: #ffffff;\">Confiez le nettoyage de votre location saisonni\u00e8re \u00e0 une \u00e9quipe professionnelle et rigoureuse.<\/span><br data-start=\"344\" data-end=\"347\" \/><span style=\"color: #ffffff;\">Chez <strong data-start=\"352\" data-end=\"369\">Maison Cotone<\/strong>, nous proposons un <strong data-start=\"389\" data-end=\"428\">service de m\u00e9nage complet et soign\u00e9<\/strong>, sp\u00e9cialement adapt\u00e9 aux logements type <strong data-start=\"469\" data-end=\"479\">Airbnb<\/strong> ou courte dur\u00e9e.<\/span><\/p>\t\t\t\t\t\t\t\t<\/div>\n\t\t\t\t<\/div>\n\t\t\t\t\t<\/div>\n\t\t\t\t<\/div>\n\t\t<div class=\"elementor-element elementor-element-232bb98 e-flex e-con-boxed wpr-particle-no wpr-jarallax-no wpr-parallax-no wpr-sticky-section-no e-con e-parent\" data-id=\"232bb98\" data-element_type=\"container\" data-settings=\"{&quot;background_background&quot;:&quot;classic&quot;}\">\n\t\t\t\t\t<div class=\"e-con-inner\">\n\t\t<div class=\"elementor-element elementor-element-184d124 e-con-full e-flex wpr-particle-no wpr-jarallax-no wpr-parallax-no wpr-sticky-section-no e-con e-child\" data-id=\"184d124\" data-element_type=\"container\">\n\t\t\t\t<div class=\"elementor-element elementor-element-abe91e2 elementor-widget elementor-widget-image\" data-id=\"abe91e2\" data-element_type=\"widget\" data-widget_type=\"image.default\">\n\t\t\t\t<div class=\"elementor-widget-container\">\n\t\t\t\t\t\t\t\t\t\t\t\t\t\t\t<img fetchpriority=\"high\" decoding=\"async\" width=\"1024\" height=\"724\" src=\"https:\/\/maisoncotone.com\/wp-content\/uploads\/2025\/04\/kjckwsw-1024x724.png\" class=\"attachment-large size-large wp-image-1214\" alt=\"Nettoyage airbnb\" srcset=\"https:\/\/maisoncotone.com\/wp-content\/uploads\/2025\/04\/kjckwsw-1024x724.png 1024w, https:\/\/maisoncotone.com\/wp-content\/uploads\/2025\/04\/kjckwsw-600x424.png 600w, https:\/\/maisoncotone.com\/wp-content\/uploads\/2025\/04\/kjckwsw-300x212.png 300w, https:\/\/maisoncotone.com\/wp-content\/uploads\/2025\/04\/kjckwsw-768x543.png 768w, https:\/\/maisoncotone.com\/wp-content\/uploads\/2025\/04\/kjckwsw-1536x1086.png 1536w, https:\/\/maisoncotone.com\/wp-content\/uploads\/2025\/04\/kjckwsw-2048x1448.png 2048w\" sizes=\"(max-width: 1024px) 100vw, 1024px\" \/>\t\t\t\t\t\t\t\t\t\t\t\t\t\t\t<\/div>\n\t\t\t\t<\/div>\n\t\t\t\t<\/div>\n\t\t<div class=\"elementor-element elementor-element-7d04448 e-con-full e-flex wpr-particle-no wpr-jarallax-no wpr-parallax-no wpr-sticky-section-no e-con e-child\" data-id=\"7d04448\" data-element_type=\"container\">\n\t\t\t\t<div class=\"elementor-element elementor-element-5e2df87 elementor-widget elementor-widget-text-editor\" data-id=\"5e2df87\" data-element_type=\"widget\" data-widget_type=\"text-editor.default\">\n\t\t\t\t<div class=\"elementor-widget-container\">\n\t\t\t\t\t\t\t\t\t<p class=\"\" data-start=\"498\" data-end=\"585\">Notre \u00e9quipe s\u2019occupe de tout pour offrir \u00e0 vos voyageurs une exp\u00e9rience impeccable :<\/p><ul data-start=\"586\" data-end=\"789\"><li class=\"\" data-start=\"586\" data-end=\"625\"><p class=\"\" data-start=\"588\" data-end=\"625\">Nettoyage minutieux de chaque pi\u00e8ce<\/p><\/li><li class=\"\" data-start=\"626\" data-end=\"667\"><p class=\"\" data-start=\"628\" data-end=\"667\">Salle de bain et cuisine d\u00e9sinfect\u00e9es<\/p><\/li><li class=\"\" data-start=\"668\" data-end=\"699\"><p class=\"\" data-start=\"670\" data-end=\"699\">Remise en ordre des espaces<\/p><\/li><li class=\"\" data-start=\"700\" data-end=\"731\"><p class=\"\" data-start=\"702\" data-end=\"731\">Contr\u00f4le visuel du logement<\/p><\/li><li class=\"\" data-start=\"732\" data-end=\"789\"><p class=\"\" data-start=\"734\" data-end=\"789\">Pr\u00e9paration avec mise en valeur si besoin (sur demande)<\/p><\/li><\/ul>\t\t\t\t\t\t\t\t<\/div>\n\t\t\t\t<\/div>\n\t\t\t\t<\/div>\n\t\t\t\t\t<\/div>\n\t\t\t\t<\/div>\n\t\t\t\t<\/div>\n\t\t","protected":false},"excerpt":{"rendered":"<p>Confiez le nettoyage de votre location saisonni\u00e8re \u00e0 une \u00e9quipe professionnelle et rigoureuse.Chez Maison Cotone, nous proposons un service de m\u00e9nage complet et soign\u00e9, sp\u00e9cialement adapt\u00e9 aux logements type Airbnb ou courte dur\u00e9e. Notre \u00e9quipe s\u2019occupe de tout pour offrir \u00e0 vos voyageurs une exp\u00e9rience impeccable : Nettoyage minutieux de chaque pi\u00e8ce Salle de bain et cuisine d\u00e9sinfect\u00e9es Remise en ordre des espaces Contr\u00f4le visuel du logement Pr\u00e9paration avec mise en valeur si besoin (sur demande)<\/p>\n","protected":false},"author":1,"featured_media":0,"parent":0,"menu_order":0,"comment_status":"closed","ping_status":"closed","template":"","meta":{"_kadence_starter_templates_imported_post":false,"_kad_post_transparent":"","_kad_post_title":"hide","_kad_post_layout":"fullwidth","_kad_post_sidebar_id":"","_kad_post_content_style":"unboxed","_kad_post_vertical_padding":"hide","_kad_post_feature":"hide","_kad_post_feature_position":"","_kad_post_header":false,"_kad_post_footer":false,"footnotes":""},"class_list":["post-1206","page","type-page","status-publish","hentry"],"yoast_head":"<!-- This site is optimized with the Yoast SEO plugin v24.9 - https:\/\/yoast.com\/wordpress\/plugins\/seo\/ -->\n<title>Nettoyage Airbnb - Maison Cotone<\/title>\n<meta name=\"robots\" content=\"index, follow, max-snippet:-1, max-image-preview:large, max-video-preview:-1\" \/>\n<link rel=\"canonical\" href=\"https:\/\/maisoncotone.com\/index.php\/nettoyage-airbnb\/\" \/>\n<meta property=\"og:locale\" content=\"fr_FR\" \/>\n<meta property=\"og:type\" content=\"article\" \/>\n<meta property=\"og:title\" content=\"Nettoyage Airbnb - Maison Cotone\" \/>\n<meta property=\"og:description\" content=\"Confiez le nettoyage de votre location saisonni\u00e8re \u00e0 une \u00e9quipe professionnelle et rigoureuse.Chez Maison Cotone, nous proposons un service de m\u00e9nage complet et soign\u00e9, sp\u00e9cialement adapt\u00e9 aux logements type Airbnb ou courte dur\u00e9e. Notre \u00e9quipe s\u2019occupe de tout pour offrir \u00e0 vos voyageurs une exp\u00e9rience impeccable : Nettoyage minutieux de chaque pi\u00e8ce Salle de bain et cuisine d\u00e9sinfect\u00e9es Remise en ordre des espaces Contr\u00f4le visuel du logement Pr\u00e9paration avec mise en valeur si besoin (sur demande)\" \/>\n<meta property=\"og:url\" content=\"https:\/\/maisoncotone.com\/index.php\/nettoyage-airbnb\/\" \/>\n<meta property=\"og:site_name\" content=\"Maison Cotone\" \/>\n<meta property=\"article:publisher\" content=\"https:\/\/www.facebook.com\/profile.php?id=61569279671572\" \/>\n<meta property=\"article:modified_time\" content=\"2025-04-09T10:32:28+00:00\" \/>\n<meta property=\"og:image\" content=\"http:\/\/maisoncotone.com\/wp-content\/uploads\/2025\/04\/kjckwsw-1024x724.png\" \/>\n<meta name=\"twitter:card\" content=\"summary_large_image\" \/>\n<meta name=\"twitter:label1\" content=\"Dur\u00e9e de lecture estim\u00e9e\" \/>\n\t<meta name=\"twitter:data1\" content=\"1 minute\" \/>\n<script type=\"application\/ld+json\" class=\"yoast-schema-graph\">{\"@context\":\"https:\/\/schema.org\",\"@graph\":[{\"@type\":\"WebPage\",\"@id\":\"https:\/\/maisoncotone.com\/index.php\/nettoyage-airbnb\/\",\"url\":\"https:\/\/maisoncotone.com\/index.php\/nettoyage-airbnb\/\",\"name\":\"Nettoyage Airbnb - Maison Cotone\",\"isPartOf\":{\"@id\":\"https:\/\/maisoncotone.com\/#website\"},\"primaryImageOfPage\":{\"@id\":\"https:\/\/maisoncotone.com\/index.php\/nettoyage-airbnb\/#primaryimage\"},\"image\":{\"@id\":\"https:\/\/maisoncotone.com\/index.php\/nettoyage-airbnb\/#primaryimage\"},\"thumbnailUrl\":\"http:\/\/maisoncotone.com\/wp-content\/uploads\/2025\/04\/kjckwsw-1024x724.png\",\"datePublished\":\"2025-04-09T10:14:53+00:00\",\"dateModified\":\"2025-04-09T10:32:28+00:00\",\"breadcrumb\":{\"@id\":\"https:\/\/maisoncotone.com\/index.php\/nettoyage-airbnb\/#breadcrumb\"},\"inLanguage\":\"fr-FR\",\"potentialAction\":[{\"@type\":\"ReadAction\",\"target\":[\"https:\/\/maisoncotone.com\/index.php\/nettoyage-airbnb\/\"]}]},{\"@type\":\"ImageObject\",\"inLanguage\":\"fr-FR\",\"@id\":\"https:\/\/maisoncotone.com\/index.php\/nettoyage-airbnb\/#primaryimage\",\"url\":\"https:\/\/maisoncotone.com\/wp-content\/uploads\/2025\/04\/kjckwsw.png\",\"contentUrl\":\"https:\/\/maisoncotone.com\/wp-content\/uploads\/2025\/04\/kjckwsw.png\",\"width\":2245,\"height\":1587,\"caption\":\"Nettoyage airbnb\"},{\"@type\":\"BreadcrumbList\",\"@id\":\"https:\/\/maisoncotone.com\/index.php\/nettoyage-airbnb\/#breadcrumb\",\"itemListElement\":[{\"@type\":\"ListItem\",\"position\":1,\"name\":\"Accueil\",\"item\":\"https:\/\/maisoncotone.com\/\"},{\"@type\":\"ListItem\",\"position\":2,\"name\":\"Nettoyage Airbnb\"}]},{\"@type\":\"WebSite\",\"@id\":\"https:\/\/maisoncotone.com\/#website\",\"url\":\"https:\/\/maisoncotone.com\/\",\"name\":\"Un espace propre, un esprit l\u00e9ger !\",\"description\":\"Un espace propre, un esprit l\u00e9ger !\",\"publisher\":{\"@id\":\"https:\/\/maisoncotone.com\/#organization\"},\"potentialAction\":[{\"@type\":\"SearchAction\",\"target\":{\"@type\":\"EntryPoint\",\"urlTemplate\":\"https:\/\/maisoncotone.com\/?s={search_term_string}\"},\"query-input\":{\"@type\":\"PropertyValueSpecification\",\"valueRequired\":true,\"valueName\":\"search_term_string\"}}],\"inLanguage\":\"fr-FR\"},{\"@type\":\"Organization\",\"@id\":\"https:\/\/maisoncotone.com\/#organization\",\"name\":\"Un espace propre, un esprit l\u00e9ger !\",\"url\":\"https:\/\/maisoncotone.com\/\",\"logo\":{\"@type\":\"ImageObject\",\"inLanguage\":\"fr-FR\",\"@id\":\"https:\/\/maisoncotone.com\/#\/schema\/logo\/image\/\",\"url\":\"https:\/\/maisoncotone.com\/wp-content\/uploads\/2024\/12\/cropped-LOGO-MAISON-COTONE-1.png\",\"contentUrl\":\"https:\/\/maisoncotone.com\/wp-content\/uploads\/2024\/12\/cropped-LOGO-MAISON-COTONE-1.png\",\"width\":500,\"height\":200,\"caption\":\"Un espace propre, un esprit l\u00e9ger !\"},\"image\":{\"@id\":\"https:\/\/maisoncotone.com\/#\/schema\/logo\/image\/\"},\"sameAs\":[\"https:\/\/www.facebook.com\/profile.php?id=61569279671572\"]}]}<\/script>\n<!-- \/ Yoast SEO plugin. -->","yoast_head_json":{"title":"Nettoyage Airbnb - Maison Cotone","robots":{"index":"index","follow":"follow","max-snippet":"max-snippet:-1","max-image-preview":"max-image-preview:large","max-video-preview":"max-video-preview:-1"},"canonical":"https:\/\/maisoncotone.com\/index.php\/nettoyage-airbnb\/","og_locale":"fr_FR","og_type":"article","og_title":"Nettoyage Airbnb - Maison Cotone","og_description":"Confiez le nettoyage de votre location saisonni\u00e8re \u00e0 une \u00e9quipe professionnelle et rigoureuse.Chez Maison Cotone, nous proposons un service de m\u00e9nage complet et soign\u00e9, sp\u00e9cialement adapt\u00e9 aux logements type Airbnb ou courte dur\u00e9e. Notre \u00e9quipe s\u2019occupe de tout pour offrir \u00e0 vos voyageurs une exp\u00e9rience impeccable : Nettoyage minutieux de chaque pi\u00e8ce Salle de bain et cuisine d\u00e9sinfect\u00e9es Remise en ordre des espaces Contr\u00f4le visuel du logement Pr\u00e9paration avec mise en valeur si besoin (sur demande)","og_url":"https:\/\/maisoncotone.com\/index.php\/nettoyage-airbnb\/","og_site_name":"Maison Cotone","article_publisher":"https:\/\/www.facebook.com\/profile.php?id=61569279671572","article_modified_time":"2025-04-09T10:32:28+00:00","og_image":[{"url":"http:\/\/maisoncotone.com\/wp-content\/uploads\/2025\/04\/kjckwsw-1024x724.png","type":"","width":"","height":""}],"twitter_card":"summary_large_image","twitter_misc":{"Dur\u00e9e de lecture estim\u00e9e":"1 minute"},"schema":{"@context":"https:\/\/schema.org","@graph":[{"@type":"WebPage","@id":"https:\/\/maisoncotone.com\/index.php\/nettoyage-airbnb\/","url":"https:\/\/maisoncotone.com\/index.php\/nettoyage-airbnb\/","name":"Nettoyage Airbnb - Maison Cotone","isPartOf":{"@id":"https:\/\/maisoncotone.com\/#website"},"primaryImageOfPage":{"@id":"https:\/\/maisoncotone.com\/index.php\/nettoyage-airbnb\/#primaryimage"},"image":{"@id":"https:\/\/maisoncotone.com\/index.php\/nettoyage-airbnb\/#primaryimage"},"thumbnailUrl":"http:\/\/maisoncotone.com\/wp-content\/uploads\/2025\/04\/kjckwsw-1024x724.png","datePublished":"2025-04-09T10:14:53+00:00","dateModified":"2025-04-09T10:32:28+00:00","breadcrumb":{"@id":"https:\/\/maisoncotone.com\/index.php\/nettoyage-airbnb\/#breadcrumb"},"inLanguage":"fr-FR","potentialAction":[{"@type":"ReadAction","target":["https:\/\/maisoncotone.com\/index.php\/nettoyage-airbnb\/"]}]},{"@type":"ImageObject","inLanguage":"fr-FR","@id":"https:\/\/maisoncotone.com\/index.php\/nettoyage-airbnb\/#primaryimage","url":"https:\/\/maisoncotone.com\/wp-content\/uploads\/2025\/04\/kjckwsw.png","contentUrl":"https:\/\/maisoncotone.com\/wp-content\/uploads\/2025\/04\/kjckwsw.png","width":2245,"height":1587,"caption":"Nettoyage airbnb"},{"@type":"BreadcrumbList","@id":"https:\/\/maisoncotone.com\/index.php\/nettoyage-airbnb\/#breadcrumb","itemListElement":[{"@type":"ListItem","position":1,"name":"Accueil","item":"https:\/\/maisoncotone.com\/"},{"@type":"ListItem","position":2,"name":"Nettoyage Airbnb"}]},{"@type":"WebSite","@id":"https:\/\/maisoncotone.com\/#website","url":"https:\/\/maisoncotone.com\/","name":"Un espace propre, un esprit l\u00e9ger !","description":"Un espace propre, un esprit l\u00e9ger !","publisher":{"@id":"https:\/\/maisoncotone.com\/#organization"},"potentialAction":[{"@type":"SearchAction","target":{"@type":"EntryPoint","urlTemplate":"https:\/\/maisoncotone.com\/?s={search_term_string}"},"query-input":{"@type":"PropertyValueSpecification","valueRequired":true,"valueName":"search_term_string"}}],"inLanguage":"fr-FR"},{"@type":"Organization","@id":"https:\/\/maisoncotone.com\/#organization","name":"Un espace propre, un esprit l\u00e9ger !","url":"https:\/\/maisoncotone.com\/","logo":{"@type":"ImageObject","inLanguage":"fr-FR","@id":"https:\/\/maisoncotone.com\/#\/schema\/logo\/image\/","url":"https:\/\/maisoncotone.com\/wp-content\/uploads\/2024\/12\/cropped-LOGO-MAISON-COTONE-1.png","contentUrl":"https:\/\/maisoncotone.com\/wp-content\/uploads\/2024\/12\/cropped-LOGO-MAISON-COTONE-1.png","width":500,"height":200,"caption":"Un espace propre, un esprit l\u00e9ger !"},"image":{"@id":"https:\/\/maisoncotone.com\/#\/schema\/logo\/image\/"},"sameAs":["https:\/\/www.facebook.com\/profile.php?id=61569279671572"]}]}},"jetpack_sharing_enabled":true,"_links":{"self":[{"href":"https:\/\/maisoncotone.com\/index.php\/wp-json\/wp\/v2\/pages\/1206","targetHints":{"allow":["GET"]}}],"collection":[{"href":"https:\/\/maisoncotone.com\/index.php\/wp-json\/wp\/v2\/pages"}],"about":[{"href":"https:\/\/maisoncotone.com\/index.php\/wp-json\/wp\/v2\/types\/page"}],"author":[{"embeddable":true,"href":"https:\/\/maisoncotone.com\/index.php\/wp-json\/wp\/v2\/users\/1"}],"replies":[{"embeddable":true,"href":"https:\/\/maisoncotone.com\/index.php\/wp-json\/wp\/v2\/comments?post=1206"}],"version-history":[{"count":13,"href":"https:\/\/maisoncotone.com\/index.php\/wp-json\/wp\/v2\/pages\/1206\/revisions"}],"predecessor-version":[{"id":1227,"href":"https:\/\/maisoncotone.com\/index.php\/wp-json\/wp\/v2\/pages\/1206\/revisions\/1227"}],"wp:attachment":[{"href":"https:\/\/maisoncotone.com\/index.php\/wp-json\/wp\/v2\/media?parent=1206"}],"curies":[{"name":"wp","href":"https:\/\/api.w.org\/{rel}","templated":true}]}}